{"id":349,"date":"2023-02-10T18:16:14","date_gmt":"2023-02-10T18:16:14","guid":{"rendered":"https:\/\/nataliabrfotografiainfantil.com\/?page_id=349"},"modified":"2024-09-27T11:05:23","modified_gmt":"2024-09-27T11:05:23","slug":"bautizo","status":"publish","type":"page","link":"https:\/\/nataliabrfotografiainfantil.com\/index.php\/galeria\/bautizo\/","title":{"rendered":"Servicios de Fotograf\u00eda de bautizo en M\u00e1laga."},"content":{"rendered":"\n<div class=\"wp-block-group is-layout-constrained wp-block-group-is-layout-constrained\">\n<div class=\"wp-block-columns is-layout-flex wp-container-core-columns-is-layout-1 wp-block-columns-is-layout-flex\">\n<div class=\"wp-block-column is-layout-flow wp-block-column-is-layout-flow\" style=\"flex-basis:100%\">\n<p><\/p>\n<\/div>\n<\/div>\n\n\n\n<p class=\"has-secondary-color has-text-color has-normal-font-size\" style=\"margin-top:var(--wp--preset--spacing--30);margin-right:var(--wp--preset--spacing--30);margin-bottom:var(--wp--preset--spacing--30);margin-left:var(--wp--preset--spacing--30);padding-top:var(--wp--preset--spacing--30);padding-right:var(--wp--preset--spacing--30);padding-bottom:var(--wp--preset--spacing--30);padding-left:var(--wp--preset--spacing--30)\"><em>El <\/em><strong>bautismo <\/strong><em>es el primer sacramento que reciben los cat\u00f3licos, es un encuentro con Dios y el principio de un largo camino para seguir con fe el camino de la iglesia. Por esa raz\u00f3n, este sacramento se lleva a cabo como un ritual de iniciaci\u00f3n. Poder captar ese momento tan especial es una manera de recordarlo para siempre.<\/em><br><em>Los mejores momentos de tu hijo o hija plasmados en fotos de uno de los estudios fotogr\u00e1ficos m\u00e1s profesionales de M\u00e1laga.<\/em><br><em><strong>Natalia BR Fotograf\u00eda<\/strong><\/em> <em>pone a su disposici\u00f3n su arte e inspiraci\u00f3n para que guardes estos preciosos recuerdos del <strong>bautizo<\/strong> y te ayudar\u00e1 a poder hacer ese instante \u00fanico y eterno.<\/em><\/p>\n\n\n<style>#jtg-627 .modula-item { border-radius: 100px; }#jtg-627 .modula-item { box-shadow: #ffffff 0px 0px 10px; }#jtg-627 .modula-item .jtg-social a, .lightbox-socials.jtg-social a{ fill: #ffffff; color: #ffffff }#jtg-627 .modula-item .jtg-social-expandable a, #jtg-627 .modula-item .jtg-social-expandable-icons a{ fill: #ffffff; color: #ffffff }#jtg-627 .modula-item .jtg-social svg, .lightbox-socials.jtg-social svg { height: 16px; width: 16px }#jtg-627 .modula-item .jtg-social-expandable svg { height: 16px; width: 16px }#jtg-627 .modula-item .jtg-social-expandable-icons svg { height: 16px; width: 16px }#jtg-627 .modula-item .jtg-social a:not(:last-child), .lightbox-socials.jtg-social a:not(:last-child) { margin-right: 10px }#jtg-627 .modula-item .jtg-social-expandable-icons { gap: 10px }#jtg-627 .modula-item .figc {}#jtg-627 .modula-item .modula-item-content { transform: scale(1); }#jtg-627 { width:100%;}#jtg-627 .modula-items .figc p.description { font-size:14px; }#jtg-627 .modula-items .figc p.description { color:;}#jtg-627.modula-gallery .modula-item > a, #jtg-627.modula-gallery .modula-item, #jtg-627.modula-gallery .modula-item-content > a:not(.modula-no-follow) { cursor:zoom-in; } #jtg-627.modula-gallery .modula-item-content .modula-no-follow { cursor: default; } @media screen and (max-width:480px){#jtg-627 .modula-item .figc .jtg-title {  font-size: 12px; }#jtg-627 .modula-items .figc p.description { color:;font-size:10px; }}#jtg-627 .modula-items .modula-item:hover img{opacity:1;}<\/style>\n<div  id=\"jtg-627\" class=\"modula modula-gallery modula-columns\" data-config=\"{&quot;tabletHeight&quot;:800,&quot;mobileHeight&quot;:800,&quot;desktopHeight&quot;:800,&quot;enableTwitter&quot;:false,&quot;enableWhatsapp&quot;:false,&quot;enableFacebook&quot;:false,&quot;enablePinterest&quot;:false,&quot;enableLinkedin&quot;:false,&quot;enableEmail&quot;:false,&quot;randomFactor&quot;:0,&quot;type&quot;:&quot;grid&quot;,&quot;columns&quot;:12,&quot;gutter&quot;:10,&quot;mobileGutter&quot;:10,&quot;tabletGutter&quot;:10,&quot;desktopGutter&quot;:10,&quot;enableResponsive&quot;:&quot;0&quot;,&quot;tabletColumns&quot;:2,&quot;mobileColumns&quot;:1,&quot;lazyLoad&quot;:0,&quot;lightboxOpts&quot;:{&quot;animated&quot;:true,&quot;Thumbs&quot;:{&quot;type&quot;:&quot;modern&quot;,&quot;showOnStart&quot;:false},&quot;Toolbar&quot;:{&quot;display&quot;:{&quot;right&quot;:[&quot;close&quot;]},&quot;enabled&quot;:true},&quot;Carousel&quot;:{&quot;Panzoom&quot;:{&quot;touch&quot;:false},&quot;infinite&quot;:false},&quot;keyboard&quot;:{&quot;Escape&quot;:&quot;close&quot;,&quot;Delete&quot;:&quot;close&quot;,&quot;Backspace&quot;:&quot;close&quot;,&quot;PageUp&quot;:false,&quot;PageDown&quot;:false,&quot;ArrowUp&quot;:false,&quot;ArrowDown&quot;:false,&quot;ArrowRight&quot;:false,&quot;ArrowLeft&quot;:false},&quot;touch&quot;:false,&quot;backdropClick&quot;:false,&quot;l10n&quot;:{&quot;CLOSE&quot;:&quot;Close&quot;,&quot;NEXT&quot;:&quot;Next&quot;,&quot;PREV&quot;:&quot;Previous&quot;,&quot;Error&quot;:&quot;The requested content cannot be loaded. Please try again later.&quot;,&quot;PLAY_START&quot;:&quot;Start slideshow&quot;,&quot;PLAY_STOP&quot;:&quot;Pause slideshow&quot;,&quot;FULL_SCREEN&quot;:&quot;Full screen&quot;,&quot;THUMBS&quot;:&quot;Thumbnails&quot;,&quot;DOWNLOAD&quot;:&quot;Download&quot;,&quot;SHARE&quot;:&quot;Share&quot;,&quot;ZOOM&quot;:&quot;Zoom&quot;,&quot;EMAIL&quot;:&quot;Here is the link to the image : %%image_link%% and this is the link to the gallery : %%gallery_link%%&quot;,&quot;MODAL&quot;:&quot;You can close this modal content with the ESC key&quot;,&quot;ERROR&quot;:&quot;Something Went Wrong, Please Try Again Later&quot;,&quot;IMAGE_ERROR&quot;:&quot;Image Not Found&quot;,&quot;ELEMENT_NOT_FOUND&quot;:&quot;HTML Element Not Found&quot;,&quot;AJAX_NOT_FOUND&quot;:&quot;Error Loading AJAX : Not Found&quot;,&quot;AJAX_FORBIDDEN&quot;:&quot;Error Loading AJAX : Forbidden&quot;,&quot;IFRAME_ERROR&quot;:&quot;Error Loading Page&quot;,&quot;TOGGLE_ZOOM&quot;:&quot;Toggle zoom level&quot;,&quot;TOGGLE_THUMBS&quot;:&quot;Toggle thumbnails&quot;,&quot;TOGGLE_SLIDESHOW&quot;:&quot;Toggle slideshow&quot;,&quot;TOGGLE_FULLSCREEN&quot;:&quot;Toggle full-screen mode&quot;},&quot;Images&quot;:{&quot;Panzoom&quot;:{&quot;maxScale&quot;:2}},&quot;mainClass&quot;:&quot;modula-fancybox-container modula-lightbox-jtg-627&quot;,&quot;Html&quot;:{&quot;videoAutoplay&quot;:0,&quot;videoTpl&quot;:&quot;&lt;video class=\\&quot;fancybox__html5video\\&quot; controls muted playsinline controlsList controlsList=\\&quot;nodownload\\&quot; poster=\\&quot;{{poster}}\\&quot; src=\\&quot;{{src}}\\&quot; type=\\&quot;{{format}}\\&quot; &gt;  Sorry, your browser doesn&#039;t support embedded videos, &lt;a href=\\&quot;{{src}}\\&quot;&gt; download &lt;\\\/a&gt; and watch with your favorite video player! &lt;\\\/video&gt;&quot;}},&quot;inView&quot;:false,&quot;email_subject&quot;:&quot;Check out this awesome image !!&quot;,&quot;email_message&quot;:&quot;Here is the link to the image : %%image_link%% and this is the link to the gallery : %%gallery_link%%&quot;,&quot;grid_type&quot;:&quot;automatic&quot;,&quot;rowHeight&quot;:250,&quot;lastRow&quot;:&quot;justify&quot;,&quot;lightbox&quot;:&quot;fancybox&quot;}\">\n\n\t\n\t<div  class=\"modula-items grid-gallery\">\n\t\t<div class=\"modula-item\" >\n\t<div class=\"modula-item-content\">\n\t\t\n\t\t\t\t\t<a data-image-id=\"110\" role=\"button\" tabindex=\"0\" rel=\"jtg-627\" data-caption=\"Fotos de bautizo, M\u00e1laga 4\" aria-label=\"Open image in lightbox\" class=\"tile-inner modula-item-link\"><\/a>\n\t\t\n\t\t<img loading=\"lazy\" decoding=\"async\" class=\"pic wp-image-110\"  data-valign=\"middle\" data-halign=\"center\" alt=\"Fotos de bautizo, M\u00e1laga 4\" data-full=\"https:\/\/nataliabrfotografiainfantil.com\/wp-content\/uploads\/2023\/01\/gallery-12.jpg\" title=\"Fotos de bautizo, M\u00e1laga 4\" width=\"1044\" height=\"949\" src=\"https:\/\/nataliabrfotografiainfantil.com\/wp-content\/uploads\/2023\/01\/gallery-12.jpg\" data-src=\"https:\/\/nataliabrfotografiainfantil.com\/wp-content\/uploads\/2023\/01\/gallery-12.jpg\" data-caption=\"Fotos de bautizo, M\u00e1laga 4\" srcset=\"https:\/\/nataliabrfotografiainfantil.com\/wp-content\/uploads\/2023\/01\/gallery-12.jpg 1044w, https:\/\/nataliabrfotografiainfantil.com\/wp-content\/uploads\/2023\/01\/gallery-12-300x273.jpg 300w, https:\/\/nataliabrfotografiainfantil.com\/wp-content\/uploads\/2023\/01\/gallery-12-1024x931.jpg 1024w, https:\/\/nataliabrfotografiainfantil.com\/wp-content\/uploads\/2023\/01\/gallery-12-768x698.jpg 768w\" sizes=\"(max-width: 1044px) 100vw, 1044px\" \/>\n\t<\/div>\n\n<\/div><div class=\"modula-item\" >\n\t<div class=\"modula-item-content\">\n\t\t\n\t\t\t\t\t<a data-image-id=\"111\" role=\"button\" tabindex=\"0\" rel=\"jtg-627\" data-caption=\"Fotos de bautizo, M\u00e1laga 1\" aria-label=\"Open image in lightbox\" class=\"tile-inner modula-item-link\"><\/a>\n\t\t\n\t\t<img loading=\"lazy\" decoding=\"async\" class=\"pic wp-image-111\"  data-valign=\"middle\" data-halign=\"center\" alt=\"Fotos de bautizo, M\u00e1laga 1\" data-full=\"https:\/\/nataliabrfotografiainfantil.com\/wp-content\/uploads\/2023\/01\/120222_Mateo-022-min.jpg\" title=\"Fotos de bautizo, M\u00e1laga 1\" width=\"2560\" height=\"1920\" src=\"https:\/\/nataliabrfotografiainfantil.com\/wp-content\/uploads\/2023\/01\/120222_Mateo-022-min.jpg\" data-src=\"https:\/\/nataliabrfotografiainfantil.com\/wp-content\/uploads\/2023\/01\/120222_Mateo-022-min.jpg\" data-caption=\"Fotos de bautizo, M\u00e1laga 1\" srcset=\"https:\/\/nataliabrfotografiainfantil.com\/wp-content\/uploads\/2023\/01\/120222_Mateo-022-min-scaled.jpg 2560w, https:\/\/nataliabrfotografiainfantil.com\/wp-content\/uploads\/2023\/01\/120222_Mateo-022-min-300x225.jpg 300w, https:\/\/nataliabrfotografiainfantil.com\/wp-content\/uploads\/2023\/01\/120222_Mateo-022-min-1024x768.jpg 1024w, https:\/\/nataliabrfotografiainfantil.com\/wp-content\/uploads\/2023\/01\/120222_Mateo-022-min-768x576.jpg 768w, https:\/\/nataliabrfotografiainfantil.com\/wp-content\/uploads\/2023\/01\/120222_Mateo-022-min-1536x1152.jpg 1536w, https:\/\/nataliabrfotografiainfantil.com\/wp-content\/uploads\/2023\/01\/120222_Mateo-022-min-2048x1536.jpg 2048w\" sizes=\"(max-width: 2560px) 100vw, 2560px\" \/>\n\t<\/div>\n\n<\/div><div class=\"modula-item\" >\n\t<div class=\"modula-item-content\">\n\t\t\n\t\t\t\t\t<a data-image-id=\"112\" role=\"button\" tabindex=\"0\" rel=\"jtg-627\" data-caption=\"Fotos de bautizo de M\u00e1laga 2\" aria-label=\"Open image in lightbox\" class=\"tile-inner modula-item-link\"><\/a>\n\t\t\n\t\t<img loading=\"lazy\" decoding=\"async\" class=\"pic wp-image-112\"  data-valign=\"middle\" data-halign=\"center\" alt=\"Fotos de bautizo de M\u00e1laga 2\" data-full=\"https:\/\/nataliabrfotografiainfantil.com\/wp-content\/uploads\/2023\/01\/120222_Mateo-016-min.jpg\" title=\"Fotos de bautizo de M\u00e1laga 2\" width=\"2560\" height=\"1920\" src=\"https:\/\/nataliabrfotografiainfantil.com\/wp-content\/uploads\/2023\/01\/120222_Mateo-016-min.jpg\" data-src=\"https:\/\/nataliabrfotografiainfantil.com\/wp-content\/uploads\/2023\/01\/120222_Mateo-016-min.jpg\" data-caption=\"Fotos de bautizo de M\u00e1laga 2\" srcset=\"https:\/\/nataliabrfotografiainfantil.com\/wp-content\/uploads\/2023\/01\/120222_Mateo-016-min-scaled.jpg 2560w, https:\/\/nataliabrfotografiainfantil.com\/wp-content\/uploads\/2023\/01\/120222_Mateo-016-min-300x225.jpg 300w, https:\/\/nataliabrfotografiainfantil.com\/wp-content\/uploads\/2023\/01\/120222_Mateo-016-min-1024x768.jpg 1024w, https:\/\/nataliabrfotografiainfantil.com\/wp-content\/uploads\/2023\/01\/120222_Mateo-016-min-768x576.jpg 768w, https:\/\/nataliabrfotografiainfantil.com\/wp-content\/uploads\/2023\/01\/120222_Mateo-016-min-1536x1152.jpg 1536w, https:\/\/nataliabrfotografiainfantil.com\/wp-content\/uploads\/2023\/01\/120222_Mateo-016-min-2048x1536.jpg 2048w\" sizes=\"(max-width: 2560px) 100vw, 2560px\" \/>\n\t<\/div>\n\n<\/div><div class=\"modula-item\" >\n\t<div class=\"modula-item-content\">\n\t\t\n\t\t\t\t\t<a data-image-id=\"1150\" role=\"button\" tabindex=\"0\" rel=\"jtg-627\" data-caption=\"\" aria-label=\"Open image in lightbox\" class=\"tile-inner modula-item-link\"><\/a>\n\t\t\n\t\t<img loading=\"lazy\" decoding=\"async\" class=\"pic wp-image-1150\"  data-valign=\"middle\" data-halign=\"center\" alt=\"\" data-full=\"https:\/\/nataliabrfotografiainfantil.com\/wp-content\/uploads\/2025\/08\/Sesion-pre-bautizo-en-Malaga-Natalia-BR-2-2.jpg\" title=\"Sesion pre-bautizo en M\u00e1laga Natalia BR 2 (2)\" width=\"2000\" height=\"1500\" src=\"https:\/\/nataliabrfotografiainfantil.com\/wp-content\/uploads\/2025\/08\/Sesion-pre-bautizo-en-Malaga-Natalia-BR-2-2.jpg\" data-src=\"https:\/\/nataliabrfotografiainfantil.com\/wp-content\/uploads\/2025\/08\/Sesion-pre-bautizo-en-Malaga-Natalia-BR-2-2.jpg\" data-caption=\"\" srcset=\"https:\/\/nataliabrfotografiainfantil.com\/wp-content\/uploads\/2025\/08\/Sesion-pre-bautizo-en-Malaga-Natalia-BR-2-2.jpg 2000w, https:\/\/nataliabrfotografiainfantil.com\/wp-content\/uploads\/2025\/08\/Sesion-pre-bautizo-en-Malaga-Natalia-BR-2-2-300x225.jpg 300w, https:\/\/nataliabrfotografiainfantil.com\/wp-content\/uploads\/2025\/08\/Sesion-pre-bautizo-en-Malaga-Natalia-BR-2-2-1024x768.jpg 1024w, https:\/\/nataliabrfotografiainfantil.com\/wp-content\/uploads\/2025\/08\/Sesion-pre-bautizo-en-Malaga-Natalia-BR-2-2-768x576.jpg 768w, https:\/\/nataliabrfotografiainfantil.com\/wp-content\/uploads\/2025\/08\/Sesion-pre-bautizo-en-Malaga-Natalia-BR-2-2-1536x1152.jpg 1536w\" sizes=\"(max-width: 2000px) 100vw, 2000px\" \/>\n\t<\/div>\n\n<\/div><div class=\"modula-item\" >\n\t<div class=\"modula-item-content\">\n\t\t\n\t\t\t\t\t<a data-image-id=\"1151\" role=\"button\" tabindex=\"0\" rel=\"jtg-627\" data-caption=\"\" aria-label=\"Open image in lightbox\" class=\"tile-inner modula-item-link\"><\/a>\n\t\t\n\t\t<img loading=\"lazy\" decoding=\"async\" class=\"pic wp-image-1151\"  data-valign=\"middle\" data-halign=\"center\" alt=\"\" data-full=\"https:\/\/nataliabrfotografiainfantil.com\/wp-content\/uploads\/2025\/08\/Sesion-pre-bautizo-en-Malaga-Natalia-BR-2.jpg\" title=\"Sesion pre-bautizo en M\u00e1laga Natalia BR 2\" width=\"2000\" height=\"1500\" src=\"https:\/\/nataliabrfotografiainfantil.com\/wp-content\/uploads\/2025\/08\/Sesion-pre-bautizo-en-Malaga-Natalia-BR-2.jpg\" data-src=\"https:\/\/nataliabrfotografiainfantil.com\/wp-content\/uploads\/2025\/08\/Sesion-pre-bautizo-en-Malaga-Natalia-BR-2.jpg\" data-caption=\"\" srcset=\"https:\/\/nataliabrfotografiainfantil.com\/wp-content\/uploads\/2025\/08\/Sesion-pre-bautizo-en-Malaga-Natalia-BR-2.jpg 2000w, https:\/\/nataliabrfotografiainfantil.com\/wp-content\/uploads\/2025\/08\/Sesion-pre-bautizo-en-Malaga-Natalia-BR-2-300x225.jpg 300w, https:\/\/nataliabrfotografiainfantil.com\/wp-content\/uploads\/2025\/08\/Sesion-pre-bautizo-en-Malaga-Natalia-BR-2-1024x768.jpg 1024w, https:\/\/nataliabrfotografiainfantil.com\/wp-content\/uploads\/2025\/08\/Sesion-pre-bautizo-en-Malaga-Natalia-BR-2-768x576.jpg 768w, https:\/\/nataliabrfotografiainfantil.com\/wp-content\/uploads\/2025\/08\/Sesion-pre-bautizo-en-Malaga-Natalia-BR-2-1536x1152.jpg 1536w\" sizes=\"(max-width: 2000px) 100vw, 2000px\" \/>\n\t<\/div>\n\n<\/div><div class=\"modula-item\" >\n\t<div class=\"modula-item-content\">\n\t\t\n\t\t\t\t\t<a data-image-id=\"1152\" role=\"button\" tabindex=\"0\" rel=\"jtg-627\" data-caption=\"\" aria-label=\"Open image in lightbox\" class=\"tile-inner modula-item-link\"><\/a>\n\t\t\n\t\t<img loading=\"lazy\" decoding=\"async\" class=\"pic wp-image-1152\"  data-valign=\"middle\" data-halign=\"center\" alt=\"\" data-full=\"https:\/\/nataliabrfotografiainfantil.com\/wp-content\/uploads\/2025\/08\/Sesion-pre-bautizo-en-Malaga-Natalia-BR-3.jpg\" title=\"Sesion pre-bautizo en M\u00e1laga Natalia BR 3\" width=\"2000\" height=\"1500\" src=\"https:\/\/nataliabrfotografiainfantil.com\/wp-content\/uploads\/2025\/08\/Sesion-pre-bautizo-en-Malaga-Natalia-BR-3.jpg\" data-src=\"https:\/\/nataliabrfotografiainfantil.com\/wp-content\/uploads\/2025\/08\/Sesion-pre-bautizo-en-Malaga-Natalia-BR-3.jpg\" data-caption=\"\" srcset=\"https:\/\/nataliabrfotografiainfantil.com\/wp-content\/uploads\/2025\/08\/Sesion-pre-bautizo-en-Malaga-Natalia-BR-3.jpg 2000w, https:\/\/nataliabrfotografiainfantil.com\/wp-content\/uploads\/2025\/08\/Sesion-pre-bautizo-en-Malaga-Natalia-BR-3-300x225.jpg 300w, https:\/\/nataliabrfotografiainfantil.com\/wp-content\/uploads\/2025\/08\/Sesion-pre-bautizo-en-Malaga-Natalia-BR-3-1024x768.jpg 1024w, https:\/\/nataliabrfotografiainfantil.com\/wp-content\/uploads\/2025\/08\/Sesion-pre-bautizo-en-Malaga-Natalia-BR-3-768x576.jpg 768w, https:\/\/nataliabrfotografiainfantil.com\/wp-content\/uploads\/2025\/08\/Sesion-pre-bautizo-en-Malaga-Natalia-BR-3-1536x1152.jpg 1536w\" sizes=\"(max-width: 2000px) 100vw, 2000px\" \/>\n\t<\/div>\n\n<\/div><div class=\"modula-item\" >\n\t<div class=\"modula-item-content\">\n\t\t\n\t\t\t\t\t<a data-image-id=\"1153\" role=\"button\" tabindex=\"0\" rel=\"jtg-627\" data-caption=\"\" aria-label=\"Open image in lightbox\" class=\"tile-inner modula-item-link\"><\/a>\n\t\t\n\t\t<img loading=\"lazy\" decoding=\"async\" class=\"pic wp-image-1153\"  data-valign=\"middle\" data-halign=\"center\" alt=\"\" data-full=\"https:\/\/nataliabrfotografiainfantil.com\/wp-content\/uploads\/2025\/08\/Sesion-pre-bautizo-en-Malaga-Natalia-BR-4.jpg\" title=\"Sesion pre-bautizo en M\u00e1laga Natalia BR 4\" width=\"2000\" height=\"1500\" src=\"https:\/\/nataliabrfotografiainfantil.com\/wp-content\/uploads\/2025\/08\/Sesion-pre-bautizo-en-Malaga-Natalia-BR-4.jpg\" data-src=\"https:\/\/nataliabrfotografiainfantil.com\/wp-content\/uploads\/2025\/08\/Sesion-pre-bautizo-en-Malaga-Natalia-BR-4.jpg\" data-caption=\"\" srcset=\"https:\/\/nataliabrfotografiainfantil.com\/wp-content\/uploads\/2025\/08\/Sesion-pre-bautizo-en-Malaga-Natalia-BR-4.jpg 2000w, https:\/\/nataliabrfotografiainfantil.com\/wp-content\/uploads\/2025\/08\/Sesion-pre-bautizo-en-Malaga-Natalia-BR-4-300x225.jpg 300w, https:\/\/nataliabrfotografiainfantil.com\/wp-content\/uploads\/2025\/08\/Sesion-pre-bautizo-en-Malaga-Natalia-BR-4-1024x768.jpg 1024w, https:\/\/nataliabrfotografiainfantil.com\/wp-content\/uploads\/2025\/08\/Sesion-pre-bautizo-en-Malaga-Natalia-BR-4-768x576.jpg 768w, https:\/\/nataliabrfotografiainfantil.com\/wp-content\/uploads\/2025\/08\/Sesion-pre-bautizo-en-Malaga-Natalia-BR-4-1536x1152.jpg 1536w\" sizes=\"(max-width: 2000px) 100vw, 2000px\" \/>\n\t<\/div>\n\n<\/div><div class=\"modula-item\" >\n\t<div class=\"modula-item-content\">\n\t\t\n\t\t\t\t\t<a data-image-id=\"1154\" role=\"button\" tabindex=\"0\" rel=\"jtg-627\" data-caption=\"\" aria-label=\"Open image in lightbox\" class=\"tile-inner modula-item-link\"><\/a>\n\t\t\n\t\t<img loading=\"lazy\" decoding=\"async\" class=\"pic wp-image-1154\"  data-valign=\"middle\" data-halign=\"center\" alt=\"\" data-full=\"https:\/\/nataliabrfotografiainfantil.com\/wp-content\/uploads\/2025\/08\/Sesion-pre-bautizo-en-Malaga-Natalia-BR-5.jpg\" title=\"Sesion pre-bautizo en M\u00e1laga Natalia BR 5\" width=\"2000\" height=\"1500\" src=\"https:\/\/nataliabrfotografiainfantil.com\/wp-content\/uploads\/2025\/08\/Sesion-pre-bautizo-en-Malaga-Natalia-BR-5.jpg\" data-src=\"https:\/\/nataliabrfotografiainfantil.com\/wp-content\/uploads\/2025\/08\/Sesion-pre-bautizo-en-Malaga-Natalia-BR-5.jpg\" data-caption=\"\" srcset=\"https:\/\/nataliabrfotografiainfantil.com\/wp-content\/uploads\/2025\/08\/Sesion-pre-bautizo-en-Malaga-Natalia-BR-5.jpg 2000w, https:\/\/nataliabrfotografiainfantil.com\/wp-content\/uploads\/2025\/08\/Sesion-pre-bautizo-en-Malaga-Natalia-BR-5-300x225.jpg 300w, https:\/\/nataliabrfotografiainfantil.com\/wp-content\/uploads\/2025\/08\/Sesion-pre-bautizo-en-Malaga-Natalia-BR-5-1024x768.jpg 1024w, https:\/\/nataliabrfotografiainfantil.com\/wp-content\/uploads\/2025\/08\/Sesion-pre-bautizo-en-Malaga-Natalia-BR-5-768x576.jpg 768w, https:\/\/nataliabrfotografiainfantil.com\/wp-content\/uploads\/2025\/08\/Sesion-pre-bautizo-en-Malaga-Natalia-BR-5-1536x1152.jpg 1536w\" sizes=\"(max-width: 2000px) 100vw, 2000px\" \/>\n\t<\/div>\n\n<\/div><div class=\"modula-item\" >\n\t<div class=\"modula-item-content\">\n\t\t\n\t\t\t\t\t<a data-image-id=\"1155\" role=\"button\" tabindex=\"0\" rel=\"jtg-627\" data-caption=\"\" aria-label=\"Open image in lightbox\" class=\"tile-inner modula-item-link\"><\/a>\n\t\t\n\t\t<img loading=\"lazy\" decoding=\"async\" class=\"pic wp-image-1155\"  data-valign=\"middle\" data-halign=\"center\" alt=\"\" data-full=\"https:\/\/nataliabrfotografiainfantil.com\/wp-content\/uploads\/2025\/08\/Sesion-pre-bautizo-en-Malaga-Natalia-BR.jpg\" title=\"Sesion pre-bautizo en M\u00e1laga Natalia BR\" width=\"2000\" height=\"1500\" src=\"https:\/\/nataliabrfotografiainfantil.com\/wp-content\/uploads\/2025\/08\/Sesion-pre-bautizo-en-Malaga-Natalia-BR.jpg\" data-src=\"https:\/\/nataliabrfotografiainfantil.com\/wp-content\/uploads\/2025\/08\/Sesion-pre-bautizo-en-Malaga-Natalia-BR.jpg\" data-caption=\"\" srcset=\"https:\/\/nataliabrfotografiainfantil.com\/wp-content\/uploads\/2025\/08\/Sesion-pre-bautizo-en-Malaga-Natalia-BR.jpg 2000w, https:\/\/nataliabrfotografiainfantil.com\/wp-content\/uploads\/2025\/08\/Sesion-pre-bautizo-en-Malaga-Natalia-BR-300x225.jpg 300w, https:\/\/nataliabrfotografiainfantil.com\/wp-content\/uploads\/2025\/08\/Sesion-pre-bautizo-en-Malaga-Natalia-BR-1024x768.jpg 1024w, https:\/\/nataliabrfotografiainfantil.com\/wp-content\/uploads\/2025\/08\/Sesion-pre-bautizo-en-Malaga-Natalia-BR-768x576.jpg 768w, https:\/\/nataliabrfotografiainfantil.com\/wp-content\/uploads\/2025\/08\/Sesion-pre-bautizo-en-Malaga-Natalia-BR-1536x1152.jpg 1536w\" sizes=\"(max-width: 2000px) 100vw, 2000px\" \/>\n\t<\/div>\n\n<\/div>\t\t\n\t<\/div>\n\n\t\n\t\n\t<script type=\"application\/ld+json\">\n\t{\n\t\t\"@context\": \"http:\/\/schema.org\",\n\t\t\"@type\"   : \"ImageGallery\",\n\t\t\"id\"      : \"https:\/\/nataliabrfotografiainfantil.com\/index.php\/galeria\/bautizo\/\",\n\t\t\"url\"     : \"https:\/\/nataliabrfotografiainfantil.com\/index.php\/galeria\/bautizo\/\"\n\t}\n\n\t<\/script>\n\n\t\n<\/div>\n\n<\/div>\n\n\n\n<p><\/p>\n","protected":false},"excerpt":{"rendered":"<p>El bautismo es el primer sacramento que reciben los cat\u00f3licos, es un encuentro con Dios [&hellip;]<\/p>\n","protected":false},"author":1,"featured_media":111,"parent":2,"menu_order":0,"comment_status":"closed","ping_status":"closed","template":"","meta":{"_monsterinsights_skip_tracking":false,"_monsterinsights_sitenote_active":false,"_monsterinsights_sitenote_note":"","_monsterinsights_sitenote_category":0,"footnotes":""},"aioseo_notices":[],"_links":{"self":[{"href":"https:\/\/nataliabrfotografiainfantil.com\/index.php\/wp-json\/wp\/v2\/pages\/349"}],"collection":[{"href":"https:\/\/nataliabrfotografiainfantil.com\/index.php\/wp-json\/wp\/v2\/pages"}],"about":[{"href":"https:\/\/nataliabrfotografiainfantil.com\/index.php\/wp-json\/wp\/v2\/types\/page"}],"author":[{"embeddable":true,"href":"https:\/\/nataliabrfotografiainfantil.com\/index.php\/wp-json\/wp\/v2\/users\/1"}],"replies":[{"embeddable":true,"href":"https:\/\/nataliabrfotografiainfantil.com\/index.php\/wp-json\/wp\/v2\/comments?post=349"}],"version-history":[{"count":1,"href":"https:\/\/nataliabrfotografiainfantil.com\/index.php\/wp-json\/wp\/v2\/pages\/349\/revisions"}],"predecessor-version":[{"id":945,"href":"https:\/\/nataliabrfotografiainfantil.com\/index.php\/wp-json\/wp\/v2\/pages\/349\/revisions\/945"}],"up":[{"embeddable":true,"href":"https:\/\/nataliabrfotografiainfantil.com\/index.php\/wp-json\/wp\/v2\/pages\/2"}],"wp:featuredmedia":[{"embeddable":true,"href":"https:\/\/nataliabrfotografiainfantil.com\/index.php\/wp-json\/wp\/v2\/media\/111"}],"wp:attachment":[{"href":"https:\/\/nataliabrfotografiainfantil.com\/index.php\/wp-json\/wp\/v2\/media?parent=349"}],"curies":[{"name":"wp","href":"https:\/\/api.w.org\/{rel}","templated":true}]}}